{"id":357,"date":"2019-05-14T11:16:28","date_gmt":"2019-05-14T09:16:28","guid":{"rendered":"http:\/\/cliniquecondamine.com\/?page_id=357"},"modified":"2025-10-30T10:44:28","modified_gmt":"2025-10-30T09:44:28","slug":"notre-espace-chirurgie","status":"publish","type":"page","link":"https:\/\/cliniquecondamine.com\/?page_id=357","title":{"rendered":"Notre espace chirurgie"},"content":{"rendered":"<p>Notre<strong> bloc op\u00e9ratoire de\u00a0clinique v\u00e9t\u00e9rinaire de la Condamine, est d\u00e9di\u00e9 \u00e0 la chirurgie des animaux de compagnie.<\/strong><br \/>\nIl est \u00e9quip\u00e9 d\u2019une machine d\u2019anesth\u00e9sie volatile et de moniteurs de surveillance de l\u2019anesth\u00e9sie. Nous assurons nous m\u00eame la <strong>st\u00e9rilisation de notre mat\u00e9riel chirurgical gr\u00e2ce \u00e0 un st\u00e9rilisateur interne<\/strong> \u00e0 la clinique v\u00e9t\u00e9rinaire de la Condamine, disponible 24h\/24.<br \/>\nNotre salle de pr\u00e9paration, s\u00e9par\u00e9e du bloc, nous permet de pr\u00e9parer vos animaux pour les interventions<em> (tonte, nettoyage)<\/em> et de r\u00e9aliser nos actes de dentisterie.<\/p>\n<p>Notre salle de <strong>chirurgie pour ruminants<\/strong> est \u00e9quip\u00e9e d\u2019un <strong>sol antid\u00e9rapant avec un acc\u00e8s direct \u00e0 l\u2019ext\u00e9rieur<\/strong> pour faciliter le chargement des animaux les plus lourds.<\/p>\n","protected":false},"excerpt":{"rendered":"<p>Notre bloc op\u00e9ratoire de\u00a0clinique v\u00e9t\u00e9rinaire de la Condamine, est d\u00e9di\u00e9 \u00e0 la chirurgie des animaux de compagnie. Il est \u00e9quip\u00e9 d\u2019une machine d\u2019anesth\u00e9sie volatile et de moniteurs de surveillance de l\u2019anesth\u00e9sie. Nous assurons nous m\u00eame la st\u00e9rilisation de notre mat\u00e9riel chirurgical gr\u00e2ce \u00e0 un st\u00e9rilisateur interne \u00e0 la clinique v\u00e9t\u00e9rinaire de la Condamine, disponible 24h\/24&#8230;.<\/p>\n<div class=\"read-more-link-wrapper\"><a class=\"read-more-link\" href=\"https:\/\/cliniquecondamine.com\/?page_id=357\">Read more<i class=\"icon-next\"><\/i><\/a><\/div>\n","protected":false},"author":1,"featured_media":0,"parent":0,"menu_order":0,"comment_status":"closed","ping_status":"closed","template":"","meta":{"footnotes":""},"class_list":["post-357","page","type-page","status-publish","hentry"],"_links":{"self":[{"href":"https:\/\/cliniquecondamine.com\/index.php?rest_route=\/wp\/v2\/pages\/357","targetHints":{"allow":["GET"]}}],"collection":[{"href":"https:\/\/cliniquecondamine.com\/index.php?rest_route=\/wp\/v2\/pages"}],"about":[{"href":"https:\/\/cliniquecondamine.com\/index.php?rest_route=\/wp\/v2\/types\/page"}],"author":[{"embeddable":true,"href":"https:\/\/cliniquecondamine.com\/index.php?rest_route=\/wp\/v2\/users\/1"}],"replies":[{"embeddable":true,"href":"https:\/\/cliniquecondamine.com\/index.php?rest_route=%2Fwp%2Fv2%2Fcomments&post=357"}],"version-history":[{"count":6,"href":"https:\/\/cliniquecondamine.com\/index.php?rest_route=\/wp\/v2\/pages\/357\/revisions"}],"predecessor-version":[{"id":605,"href":"https:\/\/cliniquecondamine.com\/index.php?rest_route=\/wp\/v2\/pages\/357\/revisions\/605"}],"wp:attachment":[{"href":"https:\/\/cliniquecondamine.com\/index.php?rest_route=%2Fwp%2Fv2%2Fmedia&parent=357"}],"curies":[{"name":"wp","href":"https:\/\/api.w.org\/{rel}","templated":true}]}}