{"id":54,"date":"2019-01-24T15:15:26","date_gmt":"2019-01-24T14:15:26","guid":{"rendered":"http:\/\/cliniquecondamine.com\/?page_id=54"},"modified":"2025-10-30T10:39:10","modified_gmt":"2025-10-30T09:39:10","slug":"a-propos","status":"publish","type":"page","link":"https:\/\/cliniquecondamine.com\/?page_id=54","title":{"rendered":"Notre structure"},"content":{"rendered":"<h2><span style=\"color: #df6c79;\">Qui sommes-nous ?<\/span><\/h2>\n<p>\u00c0 la clinique v\u00e9t\u00e9rinaire de la Condamine, <strong>nous avons favoris\u00e9 l\u2019accessibilit\u00e9 et le stationnement.<\/strong><br \/>Nous disposons de <strong>16 places de parking priv\u00e9es<\/strong> avec une aire de retournement pour les camions et les vans.<br \/><strong>L\u2019espace est s\u00e9curis\u00e9\u00a0et enti\u00e8rement cl\u00f4tur\u00e9.<br \/><\/strong>Nos espaces verts ext\u00e9rieurs permettront \u00e0 vos animaux de se d\u00e9tendre avant les consultations au sein de la clinique v\u00e9t\u00e9rinaire de la Condamine.<br \/>Nous avons imagin\u00e9 en 2017, pour vous, une <strong>clinique moderne afin de vous apporter le meilleur service possible.<br \/><\/strong><\/p>\n<h2><span style=\"color: #df6c79;\">Nos locaux<\/span><\/h2>\n<h3>\u00a0<\/h3>\n<h3>La zone d&#8217;accueil<\/h3>\n<p><img loading=\"lazy\" decoding=\"async\" class=\"size-medium wp-image-373\" src=\"http:\/\/cliniquecondamine.com\/wp-content\/uploads\/2019\/05\/clinique-veterinaire-condamine-homepage-zone-accueil-300x155.jpg\" alt=\"\" width=\"300\" height=\"155\" srcset=\"https:\/\/cliniquecondamine.com\/wp-content\/uploads\/2019\/05\/clinique-veterinaire-condamine-homepage-zone-accueil-300x155.jpg 300w, https:\/\/cliniquecondamine.com\/wp-content\/uploads\/2019\/05\/clinique-veterinaire-condamine-homepage-zone-accueil-768x396.jpg 768w, https:\/\/cliniquecondamine.com\/wp-content\/uploads\/2019\/05\/clinique-veterinaire-condamine-homepage-zone-accueil-1024x528.jpg 1024w\" sizes=\"auto, (max-width: 300px) 100vw, 300px\" \/><\/p>\n<p><img loading=\"lazy\" decoding=\"async\" class=\"size-medium wp-image-379\" src=\"http:\/\/cliniquecondamine.com\/wp-content\/uploads\/2019\/05\/clinique-veterinaire-condamine-attente-chats-300x155.jpg\" alt=\"\" width=\"300\" height=\"155\" srcset=\"https:\/\/cliniquecondamine.com\/wp-content\/uploads\/2019\/05\/clinique-veterinaire-condamine-attente-chats-300x155.jpg 300w, https:\/\/cliniquecondamine.com\/wp-content\/uploads\/2019\/05\/clinique-veterinaire-condamine-attente-chats-768x396.jpg 768w, https:\/\/cliniquecondamine.com\/wp-content\/uploads\/2019\/05\/clinique-veterinaire-condamine-attente-chats-1024x528.jpg 1024w\" sizes=\"auto, (max-width: 300px) 100vw, 300px\" \/><\/p>\n<p><img loading=\"lazy\" decoding=\"async\" class=\"size-medium wp-image-380\" src=\"http:\/\/cliniquecondamine.com\/wp-content\/uploads\/2019\/05\/clinique-veterinaire-condamine-attente-chien-300x155.jpg\" alt=\"\" width=\"300\" height=\"155\" srcset=\"https:\/\/cliniquecondamine.com\/wp-content\/uploads\/2019\/05\/clinique-veterinaire-condamine-attente-chien-300x155.jpg 300w, https:\/\/cliniquecondamine.com\/wp-content\/uploads\/2019\/05\/clinique-veterinaire-condamine-attente-chien-768x396.jpg 768w, https:\/\/cliniquecondamine.com\/wp-content\/uploads\/2019\/05\/clinique-veterinaire-condamine-attente-chien-1024x528.jpg 1024w\" sizes=\"auto, (max-width: 300px) 100vw, 300px\" \/><\/p>\n<h3>\u00a0<\/h3>\n<h3>Notre espace imagerie m\u00e9dicale<\/h3>\n<p><img loading=\"lazy\" decoding=\"async\" class=\"size-medium wp-image-401\" src=\"http:\/\/cliniquecondamine.com\/wp-content\/uploads\/2019\/05\/clinique-veterinaire-condamine-imagerie-1-300x155.jpg\" alt=\"\" width=\"300\" height=\"155\" srcset=\"https:\/\/cliniquecondamine.com\/wp-content\/uploads\/2019\/05\/clinique-veterinaire-condamine-imagerie-1-300x155.jpg 300w, https:\/\/cliniquecondamine.com\/wp-content\/uploads\/2019\/05\/clinique-veterinaire-condamine-imagerie-1-768x396.jpg 768w, https:\/\/cliniquecondamine.com\/wp-content\/uploads\/2019\/05\/clinique-veterinaire-condamine-imagerie-1-1024x528.jpg 1024w\" sizes=\"auto, (max-width: 300px) 100vw, 300px\" \/><\/p>\n<h3>\u00a0<\/h3>\n<h3>Notre laboratoire d&#8217;analyses<\/h3>\n<p><img loading=\"lazy\" decoding=\"async\" class=\"size-medium wp-image-397\" src=\"http:\/\/cliniquecondamine.com\/wp-content\/uploads\/2019\/05\/homepage-laboratoire-analyses-1-300x155.jpg\" alt=\"\" width=\"300\" height=\"155\" srcset=\"https:\/\/cliniquecondamine.com\/wp-content\/uploads\/2019\/05\/homepage-laboratoire-analyses-1-300x155.jpg 300w, https:\/\/cliniquecondamine.com\/wp-content\/uploads\/2019\/05\/homepage-laboratoire-analyses-1-768x396.jpg 768w, https:\/\/cliniquecondamine.com\/wp-content\/uploads\/2019\/05\/homepage-laboratoire-analyses-1-1024x528.jpg 1024w\" sizes=\"auto, (max-width: 300px) 100vw, 300px\" \/><\/p>\n<p>\u00a0<\/p>\n<h3>Nos salles de consultations<\/h3>\n<p><img loading=\"lazy\" decoding=\"async\" class=\"size-medium wp-image-389\" src=\"http:\/\/cliniquecondamine.com\/wp-content\/uploads\/2019\/05\/homepage-salles-consultations-300x155.jpg\" alt=\"\" width=\"300\" height=\"155\" srcset=\"https:\/\/cliniquecondamine.com\/wp-content\/uploads\/2019\/05\/homepage-salles-consultations-300x155.jpg 300w, https:\/\/cliniquecondamine.com\/wp-content\/uploads\/2019\/05\/homepage-salles-consultations-768x396.jpg 768w, https:\/\/cliniquecondamine.com\/wp-content\/uploads\/2019\/05\/homepage-salles-consultations-1024x528.jpg 1024w\" sizes=\"auto, (max-width: 300px) 100vw, 300px\" \/><\/p>\n<p><img loading=\"lazy\" decoding=\"async\" class=\"size-medium wp-image-392\" src=\"http:\/\/cliniquecondamine.com\/wp-content\/uploads\/2019\/05\/clinique-veterinaire-condamine-salles-consultation-2-300x155.jpg\" alt=\"\" width=\"300\" height=\"155\" srcset=\"https:\/\/cliniquecondamine.com\/wp-content\/uploads\/2019\/05\/clinique-veterinaire-condamine-salles-consultation-2-300x155.jpg 300w, https:\/\/cliniquecondamine.com\/wp-content\/uploads\/2019\/05\/clinique-veterinaire-condamine-salles-consultation-2-768x396.jpg 768w, https:\/\/cliniquecondamine.com\/wp-content\/uploads\/2019\/05\/clinique-veterinaire-condamine-salles-consultation-2-1024x528.jpg 1024w\" sizes=\"auto, (max-width: 300px) 100vw, 300px\" \/><\/p>\n<p><img loading=\"lazy\" decoding=\"async\" class=\"size-medium wp-image-393\" src=\"http:\/\/cliniquecondamine.com\/wp-content\/uploads\/2019\/05\/clinique-veterinaire-condamine-salles-consultation-3-300x155.jpg\" alt=\"\" width=\"300\" height=\"155\" srcset=\"https:\/\/cliniquecondamine.com\/wp-content\/uploads\/2019\/05\/clinique-veterinaire-condamine-salles-consultation-3-300x155.jpg 300w, https:\/\/cliniquecondamine.com\/wp-content\/uploads\/2019\/05\/clinique-veterinaire-condamine-salles-consultation-3-768x396.jpg 768w, https:\/\/cliniquecondamine.com\/wp-content\/uploads\/2019\/05\/clinique-veterinaire-condamine-salles-consultation-3-1024x528.jpg 1024w\" sizes=\"auto, (max-width: 300px) 100vw, 300px\" \/><\/p>\n<h3>\u00a0<\/h3>\n<h3>Notre espace chirurgie<\/h3>\n<p><img loading=\"lazy\" decoding=\"async\" class=\"size-medium wp-image-407\" src=\"http:\/\/cliniquecondamine.com\/wp-content\/uploads\/2019\/05\/clinique-veterinaire-condamine-chirurgie-300x155.jpg\" alt=\"\" width=\"300\" height=\"155\" srcset=\"https:\/\/cliniquecondamine.com\/wp-content\/uploads\/2019\/05\/clinique-veterinaire-condamine-chirurgie-300x155.jpg 300w, https:\/\/cliniquecondamine.com\/wp-content\/uploads\/2019\/05\/clinique-veterinaire-condamine-chirurgie-768x396.jpg 768w, https:\/\/cliniquecondamine.com\/wp-content\/uploads\/2019\/05\/clinique-veterinaire-condamine-chirurgie-1024x528.jpg 1024w\" sizes=\"auto, (max-width: 300px) 100vw, 300px\" \/><\/p>\n<p><img loading=\"lazy\" decoding=\"async\" class=\"size-medium wp-image-406\" src=\"http:\/\/cliniquecondamine.com\/wp-content\/uploads\/2019\/05\/clinique-veterinaire-condamine-salle-preparation-300x155.jpg\" alt=\"\" width=\"300\" height=\"155\" srcset=\"https:\/\/cliniquecondamine.com\/wp-content\/uploads\/2019\/05\/clinique-veterinaire-condamine-salle-preparation-300x155.jpg 300w, https:\/\/cliniquecondamine.com\/wp-content\/uploads\/2019\/05\/clinique-veterinaire-condamine-salle-preparation-768x396.jpg 768w, https:\/\/cliniquecondamine.com\/wp-content\/uploads\/2019\/05\/clinique-veterinaire-condamine-salle-preparation-1024x528.jpg 1024w\" sizes=\"auto, (max-width: 300px) 100vw, 300px\" \/><\/p>\n<p><img loading=\"lazy\" decoding=\"async\" class=\"size-medium wp-image-405\" src=\"http:\/\/cliniquecondamine.com\/wp-content\/uploads\/2019\/05\/clinique-veterinaire-condamine-bloc-1-300x155.jpg\" alt=\"\" width=\"300\" height=\"155\" srcset=\"https:\/\/cliniquecondamine.com\/wp-content\/uploads\/2019\/05\/clinique-veterinaire-condamine-bloc-1-300x155.jpg 300w, https:\/\/cliniquecondamine.com\/wp-content\/uploads\/2019\/05\/clinique-veterinaire-condamine-bloc-1-768x396.jpg 768w, https:\/\/cliniquecondamine.com\/wp-content\/uploads\/2019\/05\/clinique-veterinaire-condamine-bloc-1-1024x528.jpg 1024w\" sizes=\"auto, (max-width: 300px) 100vw, 300px\" \/><\/p>\n<h3>\u00a0<\/h3>\n<h3>Nos zones d&#8217;hospitalisation<\/h3>\n<p><img loading=\"lazy\" decoding=\"async\" class=\"size-medium wp-image-409\" src=\"http:\/\/cliniquecondamine.com\/wp-content\/uploads\/2019\/05\/homepage-hospitalisation-300x155.jpg\" alt=\"\" width=\"300\" height=\"155\" srcset=\"https:\/\/cliniquecondamine.com\/wp-content\/uploads\/2019\/05\/homepage-hospitalisation-300x155.jpg 300w, https:\/\/cliniquecondamine.com\/wp-content\/uploads\/2019\/05\/homepage-hospitalisation-768x396.jpg 768w, https:\/\/cliniquecondamine.com\/wp-content\/uploads\/2019\/05\/homepage-hospitalisation-1024x528.jpg 1024w\" sizes=\"auto, (max-width: 300px) 100vw, 300px\" \/><\/p>\n\n\n<p><\/p>\n","protected":false},"excerpt":{"rendered":"<p>Qui sommes-nous ? \u00c0 la clinique v\u00e9t\u00e9rinaire de la Condamine, nous avons favoris\u00e9 l\u2019accessibilit\u00e9 et le stationnement.Nous disposons de 16 places de parking priv\u00e9es avec une aire de retournement pour les camions et les vans.L\u2019espace est s\u00e9curis\u00e9\u00a0et enti\u00e8rement cl\u00f4tur\u00e9.Nos espaces verts ext\u00e9rieurs permettront \u00e0 vos animaux de se d\u00e9tendre avant les consultations au sein de&#8230;<\/p>\n<div class=\"read-more-link-wrapper\"><a class=\"read-more-link\" href=\"https:\/\/cliniquecondamine.com\/?page_id=54\">Read more<i class=\"icon-next\"><\/i><\/a><\/div>\n","protected":false},"author":1,"featured_media":0,"parent":0,"menu_order":0,"comment_status":"closed","ping_status":"closed","template":"","meta":{"footnotes":""},"class_list":["post-54","page","type-page","status-publish","hentry"],"_links":{"self":[{"href":"https:\/\/cliniquecondamine.com\/index.php?rest_route=\/wp\/v2\/pages\/54","targetHints":{"allow":["GET"]}}],"collection":[{"href":"https:\/\/cliniquecondamine.com\/index.php?rest_route=\/wp\/v2\/pages"}],"about":[{"href":"https:\/\/cliniquecondamine.com\/index.php?rest_route=\/wp\/v2\/types\/page"}],"author":[{"embeddable":true,"href":"https:\/\/cliniquecondamine.com\/index.php?rest_route=\/wp\/v2\/users\/1"}],"replies":[{"embeddable":true,"href":"https:\/\/cliniquecondamine.com\/index.php?rest_route=%2Fwp%2Fv2%2Fcomments&post=54"}],"version-history":[{"count":53,"href":"https:\/\/cliniquecondamine.com\/index.php?rest_route=\/wp\/v2\/pages\/54\/revisions"}],"predecessor-version":[{"id":600,"href":"https:\/\/cliniquecondamine.com\/index.php?rest_route=\/wp\/v2\/pages\/54\/revisions\/600"}],"wp:attachment":[{"href":"https:\/\/cliniquecondamine.com\/index.php?rest_route=%2Fwp%2Fv2%2Fmedia&parent=54"}],"curies":[{"name":"wp","href":"https:\/\/api.w.org\/{rel}","templated":true}]}}